{"id":1421,"date":"2023-02-20T22:03:28","date_gmt":"2023-02-21T04:03:28","guid":{"rendered":"https:\/\/lwcentroamerica.com\/stage\/ecoclean.dev\/?page_id=1421"},"modified":"2026-04-16T23:08:50","modified_gmt":"2026-04-17T05:08:50","slug":"catalogos","status":"publish","type":"page","link":"https:\/\/ecoclean.cr\/wp\/catalogos\/","title":{"rendered":"Cat\u00e1logos"},"content":{"rendered":"\t\t<div data-elementor-type=\"wp-page\" data-elementor-id=\"1421\" class=\"elementor elementor-1421\">\n\t\t\t\t\t\t<section class=\"elementor-section elementor-top-section elementor-element elementor-element-3d0df4ae elementor-section-height-min-height elementor-section-boxed elementor-section-height-default elementor-section-items-middle\" data-id=\"3d0df4ae\" data-element_type=\"section\" data-e-type=\"section\" data-settings=\"{&quot;background_background&quot;:&quot;classic&quot;}\">\n\t\t\t\t\t\t\t<div class=\"elementor-background-overlay\"><\/div>\n\t\t\t\t\t\t\t<div class=\"elementor-container elementor-column-gap-default\">\n\t\t\t\t\t<div class=\"elementor-column elementor-col-50 elementor-top-column elementor-element elementor-element-61a4cec\" data-id=\"61a4cec\" data-element_type=\"column\" data-e-type=\"column\">\n\t\t\t<div class=\"elementor-widget-wrap elementor-element-populated\">\n\t\t\t\t\t\t<div class=\"elementor-element elementor-element-60111e55 elementor-widget elementor-widget-heading\" data-id=\"60111e55\" data-element_type=\"widget\" data-e-type=\"widget\" data-widget_type=\"heading.default\">\n\t\t\t\t<div class=\"elementor-widget-container\">\n\t\t\t\t\t<h2 class=\"elementor-heading-title elementor-size-default\">Cat\u00e1logos<\/h2>\t\t\t\t<\/div>\n\t\t\t\t<\/div>\n\t\t\t\t\t<\/div>\n\t\t<\/div>\n\t\t\t\t<div class=\"elementor-column elementor-col-50 elementor-top-column elementor-element elementor-element-283c332a elementor-hidden-mobile\" data-id=\"283c332a\" data-element_type=\"column\" data-e-type=\"column\">\n\t\t\t<div class=\"elementor-widget-wrap\">\n\t\t\t\t\t\t\t<\/div>\n\t\t<\/div>\n\t\t\t\t\t<\/div>\n\t\t<\/section>\n\t\t\t\t<section class=\"elementor-section elementor-top-section elementor-element elementor-element-9c0ebf5 elementor-section-boxed elementor-section-height-default elementor-section-height-default\" data-id=\"9c0ebf5\" data-element_type=\"section\" data-e-type=\"section\">\n\t\t\t\t\t\t<div class=\"elementor-container elementor-column-gap-wider\">\n\t\t\t\t\t<div class=\"elementor-column elementor-col-25 elementor-top-column elementor-element elementor-element-18ceaf0\" data-id=\"18ceaf0\" data-element_type=\"column\" data-e-type=\"column\" data-settings=\"{&quot;background_background&quot;:&quot;classic&quot;}\">\n\t\t\t<div class=\"elementor-widget-wrap elementor-element-populated\">\n\t\t\t\t\t\t<div class=\"elementor-element elementor-element-6c7ed98 elementor-widget elementor-widget-image\" data-id=\"6c7ed98\" data-element_type=\"widget\" data-e-type=\"widget\" data-widget_type=\"image.default\">\n\t\t\t\t<div class=\"elementor-widget-container\">\n\t\t\t\t\t\t\t\t\t\t\t\t\t\t\t<img fetchpriority=\"high\" decoding=\"async\" width=\"600\" height=\"450\" src=\"https:\/\/ecoclean.cr\/wp\/wp-content\/uploads\/2023\/03\/industrial.jpg\" class=\"attachment-large size-large wp-image-2310\" alt=\"\" srcset=\"https:\/\/ecoclean.cr\/wp\/wp-content\/uploads\/2023\/03\/industrial.jpg 600w, https:\/\/ecoclean.cr\/wp\/wp-content\/uploads\/2023\/03\/industrial-267x200.jpg 267w, https:\/\/ecoclean.cr\/wp\/wp-content\/uploads\/2023\/03\/industrial-200x150.jpg 200w\" sizes=\"(max-width: 600px) 100vw, 600px\" \/>\t\t\t\t\t\t\t\t\t\t\t\t\t\t\t<\/div>\n\t\t\t\t<\/div>\n\t\t\t\t<div class=\"elementor-element elementor-element-bd917fa elementor-widget elementor-widget-heading\" data-id=\"bd917fa\" data-element_type=\"widget\" data-e-type=\"widget\" data-widget_type=\"heading.default\">\n\t\t\t\t<div class=\"elementor-widget-container\">\n\t\t\t\t\t<h2 class=\"elementor-heading-title elementor-size-default\">Cat\u00e1logo Industrial<\/h2>\t\t\t\t<\/div>\n\t\t\t\t<\/div>\n\t\t\t\t<div class=\"elementor-element elementor-element-1bfce0d elementor-align-center elementor-mobile-align-center elementor-widget elementor-widget-button\" data-id=\"1bfce0d\" data-element_type=\"widget\" data-e-type=\"widget\" data-widget_type=\"button.default\">\n\t\t\t\t<div class=\"elementor-widget-container\">\n\t\t\t\t\t\t\t\t\t<div class=\"elementor-button-wrapper\">\n\t\t\t\t\t<a class=\"elementor-button elementor-button-link elementor-size-sm elementor-animation-grow\" href=\"https:\/\/ecoclean.cr\/wp\/wp-content\/uploads\/2023\/03\/industria_catalogo_ecoclean.pdf\" target=\"_blank\">\n\t\t\t\t\t\t<span class=\"elementor-button-content-wrapper\">\n\t\t\t\t\t\t\t\t\t<span class=\"elementor-button-text\">Descargar<\/span>\n\t\t\t\t\t<\/span>\n\t\t\t\t\t<\/a>\n\t\t\t\t<\/div>\n\t\t\t\t\t\t\t\t<\/div>\n\t\t\t\t<\/div>\n\t\t\t\t\t<\/div>\n\t\t<\/div>\n\t\t\t\t<div class=\"elementor-column elementor-col-25 elementor-top-column elementor-element elementor-element-36c03cc\" data-id=\"36c03cc\" data-element_type=\"column\" data-e-type=\"column\" data-settings=\"{&quot;background_background&quot;:&quot;classic&quot;}\">\n\t\t\t<div class=\"elementor-widget-wrap elementor-element-populated\">\n\t\t\t\t\t\t<div class=\"elementor-element elementor-element-a10aa19 elementor-widget elementor-widget-image\" data-id=\"a10aa19\" data-element_type=\"widget\" data-e-type=\"widget\" data-widget_type=\"image.default\">\n\t\t\t\t<div class=\"elementor-widget-container\">\n\t\t\t\t\t\t\t\t\t\t\t\t\t\t\t<img decoding=\"async\" width=\"600\" height=\"450\" src=\"https:\/\/ecoclean.cr\/wp\/wp-content\/uploads\/2023\/03\/oficina.jpg\" class=\"attachment-large size-large wp-image-2311\" alt=\"\" srcset=\"https:\/\/ecoclean.cr\/wp\/wp-content\/uploads\/2023\/03\/oficina.jpg 600w, https:\/\/ecoclean.cr\/wp\/wp-content\/uploads\/2023\/03\/oficina-267x200.jpg 267w, https:\/\/ecoclean.cr\/wp\/wp-content\/uploads\/2023\/03\/oficina-200x150.jpg 200w\" sizes=\"(max-width: 600px) 100vw, 600px\" \/>\t\t\t\t\t\t\t\t\t\t\t\t\t\t\t<\/div>\n\t\t\t\t<\/div>\n\t\t\t\t<div class=\"elementor-element elementor-element-d0b3c60 elementor-widget elementor-widget-heading\" data-id=\"d0b3c60\" data-element_type=\"widget\" data-e-type=\"widget\" data-widget_type=\"heading.default\">\n\t\t\t\t<div class=\"elementor-widget-container\">\n\t\t\t\t\t<h2 class=\"elementor-heading-title elementor-size-default\">Cat\u00e1logo Oficinas<\/h2>\t\t\t\t<\/div>\n\t\t\t\t<\/div>\n\t\t\t\t<div class=\"elementor-element elementor-element-6f71a91 elementor-align-center elementor-mobile-align-center elementor-widget elementor-widget-button\" data-id=\"6f71a91\" data-element_type=\"widget\" data-e-type=\"widget\" data-widget_type=\"button.default\">\n\t\t\t\t<div class=\"elementor-widget-container\">\n\t\t\t\t\t\t\t\t\t<div class=\"elementor-button-wrapper\">\n\t\t\t\t\t<a class=\"elementor-button elementor-button-link elementor-size-sm elementor-animation-grow\" href=\"https:\/\/ecoclean.cr\/wp\/wp-content\/uploads\/2023\/03\/oficinas_catalogo_ecoclean.pdf\" target=\"_blank\">\n\t\t\t\t\t\t<span class=\"elementor-button-content-wrapper\">\n\t\t\t\t\t\t\t\t\t<span class=\"elementor-button-text\">Descargar<\/span>\n\t\t\t\t\t<\/span>\n\t\t\t\t\t<\/a>\n\t\t\t\t<\/div>\n\t\t\t\t\t\t\t\t<\/div>\n\t\t\t\t<\/div>\n\t\t\t\t\t<\/div>\n\t\t<\/div>\n\t\t\t\t<div class=\"elementor-column elementor-col-25 elementor-top-column elementor-element elementor-element-4a9f65e\" data-id=\"4a9f65e\" data-element_type=\"column\" data-e-type=\"column\" data-settings=\"{&quot;background_background&quot;:&quot;classic&quot;}\">\n\t\t\t<div class=\"elementor-widget-wrap elementor-element-populated\">\n\t\t\t\t\t\t<div class=\"elementor-element elementor-element-e69904b elementor-widget elementor-widget-image\" data-id=\"e69904b\" data-element_type=\"widget\" data-e-type=\"widget\" data-widget_type=\"image.default\">\n\t\t\t\t<div class=\"elementor-widget-container\">\n\t\t\t\t\t\t\t\t\t\t\t\t\t\t\t<img decoding=\"async\" width=\"600\" height=\"450\" src=\"https:\/\/ecoclean.cr\/wp\/wp-content\/uploads\/2023\/03\/residencial.jpg\" class=\"attachment-large size-large wp-image-2312\" alt=\"\" srcset=\"https:\/\/ecoclean.cr\/wp\/wp-content\/uploads\/2023\/03\/residencial.jpg 600w, https:\/\/ecoclean.cr\/wp\/wp-content\/uploads\/2023\/03\/residencial-267x200.jpg 267w, https:\/\/ecoclean.cr\/wp\/wp-content\/uploads\/2023\/03\/residencial-200x150.jpg 200w\" sizes=\"(max-width: 600px) 100vw, 600px\" \/>\t\t\t\t\t\t\t\t\t\t\t\t\t\t\t<\/div>\n\t\t\t\t<\/div>\n\t\t\t\t<div class=\"elementor-element elementor-element-d9a8316 elementor-widget elementor-widget-heading\" data-id=\"d9a8316\" data-element_type=\"widget\" data-e-type=\"widget\" data-widget_type=\"heading.default\">\n\t\t\t\t<div class=\"elementor-widget-container\">\n\t\t\t\t\t<h2 class=\"elementor-heading-title elementor-size-default\">Cat\u00e1logo Residencial<\/h2>\t\t\t\t<\/div>\n\t\t\t\t<\/div>\n\t\t\t\t<div class=\"elementor-element elementor-element-e94cd9d elementor-align-center elementor-mobile-align-center elementor-widget elementor-widget-button\" data-id=\"e94cd9d\" data-element_type=\"widget\" data-e-type=\"widget\" data-widget_type=\"button.default\">\n\t\t\t\t<div class=\"elementor-widget-container\">\n\t\t\t\t\t\t\t\t\t<div class=\"elementor-button-wrapper\">\n\t\t\t\t\t<a class=\"elementor-button elementor-button-link elementor-size-sm elementor-animation-grow\" href=\"https:\/\/ecoclean.cr\/wp\/wp-content\/uploads\/2023\/03\/residencial_catalogo_ecoclean.pdf\" target=\"_blank\">\n\t\t\t\t\t\t<span class=\"elementor-button-content-wrapper\">\n\t\t\t\t\t\t\t\t\t<span class=\"elementor-button-text\">Descargar<\/span>\n\t\t\t\t\t<\/span>\n\t\t\t\t\t<\/a>\n\t\t\t\t<\/div>\n\t\t\t\t\t\t\t\t<\/div>\n\t\t\t\t<\/div>\n\t\t\t\t\t<\/div>\n\t\t<\/div>\n\t\t\t\t<div class=\"elementor-column elementor-col-25 elementor-top-column elementor-element elementor-element-406be58\" data-id=\"406be58\" data-element_type=\"column\" data-e-type=\"column\" data-settings=\"{&quot;background_background&quot;:&quot;classic&quot;}\">\n\t\t\t<div class=\"elementor-widget-wrap elementor-element-populated\">\n\t\t\t\t\t\t<div class=\"elementor-element elementor-element-767ca3b elementor-widget elementor-widget-image\" data-id=\"767ca3b\" data-element_type=\"widget\" data-e-type=\"widget\" data-widget_type=\"image.default\">\n\t\t\t\t<div class=\"elementor-widget-container\">\n\t\t\t\t\t\t\t\t\t\t\t\t\t\t\t<img loading=\"lazy\" decoding=\"async\" width=\"600\" height=\"450\" src=\"https:\/\/ecoclean.cr\/wp\/wp-content\/uploads\/2023\/03\/restaurante.jpg\" class=\"attachment-large size-large wp-image-2313\" alt=\"\" srcset=\"https:\/\/ecoclean.cr\/wp\/wp-content\/uploads\/2023\/03\/restaurante.jpg 600w, https:\/\/ecoclean.cr\/wp\/wp-content\/uploads\/2023\/03\/restaurante-267x200.jpg 267w, https:\/\/ecoclean.cr\/wp\/wp-content\/uploads\/2023\/03\/restaurante-200x150.jpg 200w\" sizes=\"(max-width: 600px) 100vw, 600px\" \/>\t\t\t\t\t\t\t\t\t\t\t\t\t\t\t<\/div>\n\t\t\t\t<\/div>\n\t\t\t\t<div class=\"elementor-element elementor-element-dc3c050 elementor-widget elementor-widget-heading\" data-id=\"dc3c050\" data-element_type=\"widget\" data-e-type=\"widget\" data-widget_type=\"heading.default\">\n\t\t\t\t<div class=\"elementor-widget-container\">\n\t\t\t\t\t<h2 class=\"elementor-heading-title elementor-size-default\">Cat\u00e1logo Hoteles y Restaurantes<\/h2>\t\t\t\t<\/div>\n\t\t\t\t<\/div>\n\t\t\t\t<div class=\"elementor-element elementor-element-be141e6 elementor-align-center elementor-mobile-align-center elementor-widget elementor-widget-button\" data-id=\"be141e6\" data-element_type=\"widget\" data-e-type=\"widget\" data-widget_type=\"button.default\">\n\t\t\t\t<div class=\"elementor-widget-container\">\n\t\t\t\t\t\t\t\t\t<div class=\"elementor-button-wrapper\">\n\t\t\t\t\t<a class=\"elementor-button elementor-button-link elementor-size-sm elementor-animation-grow\" href=\"https:\/\/ecoclean.cr\/wp\/wp-content\/uploads\/2023\/03\/restaurantes_catalogo_ecoclean.pdf\" target=\"_blank\">\n\t\t\t\t\t\t<span class=\"elementor-button-content-wrapper\">\n\t\t\t\t\t\t\t\t\t<span class=\"elementor-button-text\">Descargar<\/span>\n\t\t\t\t\t<\/span>\n\t\t\t\t\t<\/a>\n\t\t\t\t<\/div>\n\t\t\t\t\t\t\t\t<\/div>\n\t\t\t\t<\/div>\n\t\t\t\t\t<\/div>\n\t\t<\/div>\n\t\t\t\t\t<\/div>\n\t\t<\/section>\n\t\t\t\t<\/div>\n\t\t","protected":false},"excerpt":{"rendered":"<p>Cat\u00e1logos Cat\u00e1logo Industrial Descargar Cat\u00e1logo Oficinas Descargar Cat\u00e1logo Residencial Descargar Cat\u00e1logo Hoteles y Restaurantes Descargar<\/p>\n","protected":false},"author":6,"featured_media":0,"parent":0,"menu_order":0,"comment_status":"closed","ping_status":"closed","template":"elementor_header_footer","meta":{"footnotes":""},"class_list":["post-1421","page","type-page","status-publish","hentry"],"_links":{"self":[{"href":"https:\/\/ecoclean.cr\/wp\/wp-json\/wp\/v2\/pages\/1421","targetHints":{"allow":["GET"]}}],"collection":[{"href":"https:\/\/ecoclean.cr\/wp\/wp-json\/wp\/v2\/pages"}],"about":[{"href":"https:\/\/ecoclean.cr\/wp\/wp-json\/wp\/v2\/types\/page"}],"author":[{"embeddable":true,"href":"https:\/\/ecoclean.cr\/wp\/wp-json\/wp\/v2\/users\/6"}],"replies":[{"embeddable":true,"href":"https:\/\/ecoclean.cr\/wp\/wp-json\/wp\/v2\/comments?post=1421"}],"version-history":[{"count":21,"href":"https:\/\/ecoclean.cr\/wp\/wp-json\/wp\/v2\/pages\/1421\/revisions"}],"predecessor-version":[{"id":2751,"href":"https:\/\/ecoclean.cr\/wp\/wp-json\/wp\/v2\/pages\/1421\/revisions\/2751"}],"wp:attachment":[{"href":"https:\/\/ecoclean.cr\/wp\/wp-json\/wp\/v2\/media?parent=1421"}],"curies":[{"name":"wp","href":"https:\/\/api.w.org\/{rel}","templated":true}]}}